{"id":2700,"date":"2025-11-30T01:16:14","date_gmt":"2025-11-30T01:16:14","guid":{"rendered":"https:\/\/littlebrasilclub.com\/?page_id=2700"},"modified":"2025-12-04T02:10:55","modified_gmt":"2025-12-04T02:10:55","slug":"kids-classes","status":"publish","type":"page","link":"https:\/\/littlebrasilclub.com\/pt_br\/kids-classes\/","title":{"rendered":"Kids classes"},"content":{"rendered":"<div data-elementor-type=\"wp-page\" data-elementor-id=\"2700\" class=\"elementor elementor-2700\" data-elementor-post-type=\"page\">\n\t\t\t\t\t\t<section class=\"elementor-section elementor-top-section elementor-element elementor-element-29c672e elementor-section-boxed elementor-section-height-default elementor-section-height-default\" data-id=\"29c672e\" data-element_type=\"section\" data-e-type=\"section\" data-settings=\"{&quot;background_background&quot;:&quot;classic&quot;}\">\n\t\t\t\t\t\t<div class=\"elementor-container elementor-column-gap-default\">\n\t\t\t\t\t<div class=\"elementor-column elementor-col-100 elementor-top-column elementor-element elementor-element-fe3aac6\" data-id=\"fe3aac6\" data-element_type=\"column\" data-e-type=\"column\">\n\t\t\t<div class=\"elementor-widget-wrap elementor-element-populated\">\n\t\t\t\t\t\t<div class=\"elementor-element elementor-element-f844405 elementor-widget elementor-widget-heading\" data-id=\"f844405\" data-element_type=\"widget\" data-e-type=\"widget\" data-settings=\"{&quot;ekit_we_effect_on&quot;:&quot;none&quot;}\" data-widget_type=\"heading.default\">\n\t\t\t\t<div class=\"elementor-widget-container\">\n\t\t\t\t\t<h2 class=\"elementor-heading-title elementor-size-default\">Kids classes<\/h2>\t\t\t\t<\/div>\n\t\t\t\t<\/div>\n\t\t\t\t\t<\/div>\n\t\t<\/div>\n\t\t\t\t\t<\/div>\n\t\t<\/section>\n\t\t\t\t<section class=\"elementor-section elementor-top-section elementor-element elementor-element-d565848 elementor-section-boxed elementor-section-height-default elementor-section-height-default\" data-id=\"d565848\" data-element_type=\"section\" data-e-type=\"section\">\n\t\t\t\t\t\t<div class=\"elementor-container elementor-column-gap-default\">\n\t\t\t\t\t<div class=\"elementor-column elementor-col-100 elementor-top-column elementor-element elementor-element-40a28a1\" data-id=\"40a28a1\" data-element_type=\"column\" data-e-type=\"column\">\n\t\t\t<div class=\"elementor-widget-wrap elementor-element-populated\">\n\t\t\t\t\t\t<div class=\"elementor-element elementor-element-3915ef5 elementor-widget elementor-widget-heading\" data-id=\"3915ef5\" data-element_type=\"widget\" data-e-type=\"widget\" data-settings=\"{&quot;ekit_we_effect_on&quot;:&quot;none&quot;}\" data-widget_type=\"heading.default\">\n\t\t\t\t<div class=\"elementor-widget-container\">\n\t\t\t\t\t<h2 class=\"elementor-heading-title elementor-size-default\">Kids Programs<\/h2>\t\t\t\t<\/div>\n\t\t\t\t<\/div>\n\t\t\t\t<div class=\"elementor-element elementor-element-e1199d3 elementor-widget elementor-widget-text-editor\" data-id=\"e1199d3\" data-element_type=\"widget\" data-e-type=\"widget\" data-settings=\"{&quot;ekit_we_effect_on&quot;:&quot;none&quot;}\" data-widget_type=\"text-editor.default\">\n\t\t\t\t<div class=\"elementor-widget-container\">\n\t\t\t\t\t\t\t\t\t<p>Nosso programa do Little Brasil , depois da escola \u00e9 a melhor maneira para seu filho aprender brincando a l\u00edngua de heran\u00e7a com conforto em um ambiente seguro e agrad\u00e1vel ele ter\u00e1 a oportunidade de fazer atividades descontra\u00eddas sempre acompanhado de um profissional capacitado, tamb\u00e9m ter\u00e1 orienta\u00e7\u00e3o em seu homework, facilitando assim a vida dos pais.<\/p>\t\t\t\t\t\t\t\t<\/div>\n\t\t\t\t<\/div>\n\t\t\t\t<div class=\"elementor-element elementor-element-3a5517c elementor-widget elementor-widget-text-editor\" data-id=\"3a5517c\" data-element_type=\"widget\" data-e-type=\"widget\" data-settings=\"{&quot;ekit_we_effect_on&quot;:&quot;none&quot;}\" data-widget_type=\"text-editor.default\">\n\t\t\t\t<div class=\"elementor-widget-container\">\n\t\t\t\t\t\t\t\t\t<p><span style=\"font-family: Roboto, sans-serif; font-size: 18px; font-style: normal; font-variant-ligatures: normal; font-variant-caps: normal; font-weight: 400;\">Nosso espa\u00e7o de integra\u00e7\u00e3o est\u00e1 adaptado para muitas brincadeiras e atividades diferenciadas.<\/span><\/p>\t\t\t\t\t\t\t\t<\/div>\n\t\t\t\t<\/div>\n\t\t\t\t\t<\/div>\n\t\t<\/div>\n\t\t\t\t\t<\/div>\n\t\t<\/section>\n\t\t\t\t<section class=\"elementor-section elementor-top-section elementor-element elementor-element-0f89be0 elementor-section-boxed elementor-section-height-default elementor-section-height-default\" data-id=\"0f89be0\" data-element_type=\"section\" data-e-type=\"section\">\n\t\t\t\t\t\t<div class=\"elementor-container elementor-column-gap-default\">\n\t\t\t\t\t<div class=\"elementor-column elementor-col-50 elementor-top-column elementor-element elementor-element-27d5503\" data-id=\"27d5503\" data-element_type=\"column\" data-e-type=\"column\">\n\t\t\t<div class=\"elementor-widget-wrap elementor-element-populated\">\n\t\t\t\t\t\t<div class=\"elementor-element elementor-element-3c71ca2 elementor-widget elementor-widget-image\" data-id=\"3c71ca2\" data-element_type=\"widget\" data-e-type=\"widget\" data-settings=\"{&quot;ekit_we_effect_on&quot;:&quot;none&quot;}\" data-widget_type=\"image.default\">\n\t\t\t\t<div class=\"elementor-widget-container\">\n\t\t\t\t\t\t\t\t\t\t\t\t\t\t\t<img fetchpriority=\"high\" decoding=\"async\" width=\"768\" height=\"678\" src=\"https:\/\/littlebrasilclub.com\/wp-content\/uploads\/2025\/11\/O6VORN0-768x678-1.webp\" class=\"attachment-medium_large size-medium_large wp-image-2705\" alt=\"\" srcset=\"https:\/\/littlebrasilclub.com\/wp-content\/uploads\/2025\/11\/O6VORN0-768x678-1.webp 768w, https:\/\/littlebrasilclub.com\/wp-content\/uploads\/2025\/11\/O6VORN0-768x678-1-300x265.webp 300w, https:\/\/littlebrasilclub.com\/wp-content\/uploads\/2025\/11\/O6VORN0-768x678-1-14x12.webp 14w\" sizes=\"(max-width: 768px) 100vw, 768px\" \/>\t\t\t\t\t\t\t\t\t\t\t\t\t\t\t<\/div>\n\t\t\t\t<\/div>\n\t\t\t\t\t<\/div>\n\t\t<\/div>\n\t\t\t\t<div class=\"elementor-column elementor-col-50 elementor-top-column elementor-element elementor-element-e24581f\" data-id=\"e24581f\" data-element_type=\"column\" data-e-type=\"column\">\n\t\t\t<div class=\"elementor-widget-wrap elementor-element-populated\">\n\t\t\t\t\t\t<div class=\"elementor-element elementor-element-284cf1a elementor-widget elementor-widget-text-editor\" data-id=\"284cf1a\" data-element_type=\"widget\" data-e-type=\"widget\" data-settings=\"{&quot;ekit_we_effect_on&quot;:&quot;none&quot;}\" data-widget_type=\"text-editor.default\">\n\t\t\t\t<div class=\"elementor-widget-container\">\n\t\t\t\t\t\t\t\t\t<div class=\"col-md-12 service-box service-icon-left-more\"><div class=\"service-content\"><div class=\"col-md-12 service-box service-icon-left-more\"><div class=\"service-content\"><p>Os conte\u00fados pedag\u00f3gicos foram desenvolvidos por idades e a partir de projetos e brincadeiras did\u00e1ticas envolvendo a cultura brasileira, m\u00fasica, culin\u00e1ria e jogos verbais para que tenham contato com o vocabul\u00e1rio de maneira espont\u00e2nea e prazerosa. Os alunos ser\u00e3o capazes de ler e escrever em portugu\u00eas para que possam participar ativamente de tudo que for proposto.<\/p><\/div><p>\u00a0<\/p><\/div><div class=\"col-md-12 service-box service-icon-left-more\"><div class=\"service-content\">\u00a0<\/div><\/div><\/div><\/div>\t\t\t\t\t\t\t\t<\/div>\n\t\t\t\t<\/div>\n\t\t\t\t\t<\/div>\n\t\t<\/div>\n\t\t\t\t\t<\/div>\n\t\t<\/section>\n\t\t\t\t<section class=\"elementor-section elementor-top-section elementor-element elementor-element-2b56f31 elementor-section-boxed elementor-section-height-default elementor-section-height-default\" data-id=\"2b56f31\" data-element_type=\"section\" data-e-type=\"section\">\n\t\t\t\t\t\t<div class=\"elementor-container elementor-column-gap-default\">\n\t\t\t\t\t<div class=\"elementor-column elementor-col-100 elementor-top-column elementor-element elementor-element-484899d\" data-id=\"484899d\" data-element_type=\"column\" data-e-type=\"column\">\n\t\t\t<div class=\"elementor-widget-wrap elementor-element-populated\">\n\t\t\t\t\t\t<div class=\"elementor-element elementor-element-1aa036f elementor-widget elementor-widget-text-editor\" data-id=\"1aa036f\" data-element_type=\"widget\" data-e-type=\"widget\" data-settings=\"{&quot;ekit_we_effect_on&quot;:&quot;none&quot;}\" data-widget_type=\"text-editor.default\">\n\t\t\t\t<div class=\"elementor-widget-container\">\n\t\t\t\t\t\t\t\t\t<div class=\"col-md-12 service-box service-icon-left-more\"><div class=\"service-content\"><p>A pr\u00f3xima fase com as idades de 12 a 14 anos as etapas tornam se diferentes, a proposta de integra\u00e7\u00e3o e di\u00e1logos com a l\u00edngua portuguesa passam a ser intensificados com atividades mais diferenciadas com o meio de interesse deles.<\/p><\/div><\/div><div class=\"col-md-12 service-box service-icon-left-more\"><div class=\"service-content\"><h4>Equipe especializada<\/h4><p>Educadores especialistas em artes, m\u00fasica em l\u00edngua portuguesa e inglesa e com forma\u00e7\u00f5es em metodologia educacional.<\/p><\/div><\/div>\t\t\t\t\t\t\t\t<\/div>\n\t\t\t\t<\/div>\n\t\t\t\t\t<\/div>\n\t\t<\/div>\n\t\t\t\t\t<\/div>\n\t\t<\/section>\n\t\t\t\t<\/div>","protected":false},"excerpt":{"rendered":"<p>Kids classes Kids Programs Our\u00a0Little Brazil\u00a0program after school is the best way for your child to learn to play the language of inheritance with comfort in a safe and enjoyable environment. Opportunity to do relaxed activities always accompanied by a qualified professional, will also have guidance in his homework, thus facilitating the life of the [&hellip;]<\/p>\n","protected":false},"author":1,"featured_media":0,"parent":0,"menu_order":0,"comment_status":"closed","ping_status":"closed","template":"elementor_header_footer","meta":{"ocean_post_layout":"","ocean_both_sidebars_style":"","ocean_both_sidebars_content_width":0,"ocean_both_sidebars_sidebars_width":0,"ocean_sidebar":"","ocean_second_sidebar":"","ocean_disable_margins":"enable","ocean_add_body_class":"","ocean_shortcode_before_top_bar":"","ocean_shortcode_after_top_bar":"","ocean_shortcode_before_header":"","ocean_shortcode_after_header":"","ocean_has_shortcode":"","ocean_shortcode_after_title":"","ocean_shortcode_before_footer_widgets":"","ocean_shortcode_after_footer_widgets":"","ocean_shortcode_before_footer_bottom":"","ocean_shortcode_after_footer_bottom":"","ocean_display_top_bar":"default","ocean_display_header":"default","ocean_header_style":"","ocean_center_header_left_menu":"","ocean_custom_header_template":"","ocean_custom_logo":0,"ocean_custom_retina_logo":0,"ocean_custom_logo_max_width":0,"ocean_custom_logo_tablet_max_width":0,"ocean_custom_logo_mobile_max_width":0,"ocean_custom_logo_max_height":0,"ocean_custom_logo_tablet_max_height":0,"ocean_custom_logo_mobile_max_height":0,"ocean_header_custom_menu":"","ocean_menu_typo_font_family":"","ocean_menu_typo_font_subset":"","ocean_menu_typo_font_size":0,"ocean_menu_typo_font_size_tablet":0,"ocean_menu_typo_font_size_mobile":0,"ocean_menu_typo_font_size_unit":"px","ocean_menu_typo_font_weight":"","ocean_menu_typo_font_weight_tablet":"","ocean_menu_typo_font_weight_mobile":"","ocean_menu_typo_transform":"","ocean_menu_typo_transform_tablet":"","ocean_menu_typo_transform_mobile":"","ocean_menu_typo_line_height":0,"ocean_menu_typo_line_height_tablet":0,"ocean_menu_typo_line_height_mobile":0,"ocean_menu_typo_line_height_unit":"","ocean_menu_typo_spacing":0,"ocean_menu_typo_spacing_tablet":0,"ocean_menu_typo_spacing_mobile":0,"ocean_menu_typo_spacing_unit":"","ocean_menu_link_color":"","ocean_menu_link_color_hover":"","ocean_menu_link_color_active":"","ocean_menu_link_background":"","ocean_menu_link_hover_background":"","ocean_menu_link_active_background":"","ocean_menu_social_links_bg":"","ocean_menu_social_hover_links_bg":"","ocean_menu_social_links_color":"","ocean_menu_social_hover_links_color":"","ocean_disable_title":"default","ocean_disable_heading":"default","ocean_post_title":"","ocean_post_subheading":"","ocean_post_title_style":"","ocean_post_title_background_color":"","ocean_post_title_background":0,"ocean_post_title_bg_image_position":"","ocean_post_title_bg_image_attachment":"","ocean_post_title_bg_image_repeat":"","ocean_post_title_bg_image_size":"","ocean_post_title_height":0,"ocean_post_title_bg_overlay":0.5,"ocean_post_title_bg_overlay_color":"","ocean_disable_breadcrumbs":"default","ocean_breadcrumbs_color":"","ocean_breadcrumbs_separator_color":"","ocean_breadcrumbs_links_color":"","ocean_breadcrumbs_links_hover_color":"","ocean_display_footer_widgets":"default","ocean_display_footer_bottom":"default","ocean_custom_footer_template":"","footnotes":""},"class_list":["post-2700","page","type-page","status-publish","hentry","entry"],"_links":{"self":[{"href":"https:\/\/littlebrasilclub.com\/pt_br\/wp-json\/wp\/v2\/pages\/2700","targetHints":{"allow":["GET"]}}],"collection":[{"href":"https:\/\/littlebrasilclub.com\/pt_br\/wp-json\/wp\/v2\/pages"}],"about":[{"href":"https:\/\/littlebrasilclub.com\/pt_br\/wp-json\/wp\/v2\/types\/page"}],"author":[{"embeddable":true,"href":"https:\/\/littlebrasilclub.com\/pt_br\/wp-json\/wp\/v2\/users\/1"}],"replies":[{"embeddable":true,"href":"https:\/\/littlebrasilclub.com\/pt_br\/wp-json\/wp\/v2\/comments?post=2700"}],"version-history":[{"count":10,"href":"https:\/\/littlebrasilclub.com\/pt_br\/wp-json\/wp\/v2\/pages\/2700\/revisions"}],"predecessor-version":[{"id":2756,"href":"https:\/\/littlebrasilclub.com\/pt_br\/wp-json\/wp\/v2\/pages\/2700\/revisions\/2756"}],"wp:attachment":[{"href":"https:\/\/littlebrasilclub.com\/pt_br\/wp-json\/wp\/v2\/media?parent=2700"}],"curies":[{"name":"wp","href":"https:\/\/api.w.org\/{rel}","templated":true}]}}