{"id":1117,"date":"2021-12-04T21:12:04","date_gmt":"2021-12-04T21:12:04","guid":{"rendered":"https:\/\/littlebrasil.club\/site\/?page_id=1117"},"modified":"2025-12-12T19:13:51","modified_gmt":"2025-12-12T19:13:51","slug":"little-brazil-workshops","status":"publish","type":"page","link":"https:\/\/littlebrasilclub.com\/pt_br\/little-brazil-workshops\/","title":{"rendered":"Little Brazil Workshops\u200b"},"content":{"rendered":"<div data-elementor-type=\"wp-page\" data-elementor-id=\"1117\" class=\"elementor elementor-1117\" data-elementor-post-type=\"page\">\n\t\t\t\t\t\t<section class=\"elementor-section elementor-top-section elementor-element elementor-element-688016f elementor-section-boxed elementor-section-height-default elementor-section-height-default\" data-id=\"688016f\" data-element_type=\"section\" data-e-type=\"section\" data-settings=\"{&quot;background_background&quot;:&quot;classic&quot;}\">\n\t\t\t\t\t\t<div class=\"elementor-container elementor-column-gap-default\">\n\t\t\t\t\t<div class=\"elementor-column elementor-col-100 elementor-top-column elementor-element elementor-element-91b0926\" data-id=\"91b0926\" data-element_type=\"column\" data-e-type=\"column\">\n\t\t\t<div class=\"elementor-widget-wrap elementor-element-populated\">\n\t\t\t\t\t\t<div class=\"elementor-element elementor-element-25bfc9b elementor-widget elementor-widget-heading\" data-id=\"25bfc9b\" data-element_type=\"widget\" data-e-type=\"widget\" data-settings=\"{&quot;ekit_we_effect_on&quot;:&quot;none&quot;}\" data-widget_type=\"heading.default\">\n\t\t\t\t<div class=\"elementor-widget-container\">\n\t\t\t\t\t<h2 class=\"elementor-heading-title elementor-size-default\">Little Brazil Workshops\u200b<\/h2>\t\t\t\t<\/div>\n\t\t\t\t<\/div>\n\t\t\t\t\t<\/div>\n\t\t<\/div>\n\t\t\t\t\t<\/div>\n\t\t<\/section>\n\t\t\t\t<section class=\"elementor-section elementor-top-section elementor-element elementor-element-aa25e3e elementor-section-boxed elementor-section-height-default elementor-section-height-default\" data-id=\"aa25e3e\" data-element_type=\"section\" data-e-type=\"section\">\n\t\t\t\t\t\t<div class=\"elementor-container elementor-column-gap-default\">\n\t\t\t\t\t<div class=\"elementor-column elementor-col-100 elementor-top-column elementor-element elementor-element-55a6c41\" data-id=\"55a6c41\" data-element_type=\"column\" data-e-type=\"column\">\n\t\t\t<div class=\"elementor-widget-wrap elementor-element-populated\">\n\t\t\t\t\t\t<div class=\"elementor-element elementor-element-78f8cd0 elementor-widget elementor-widget-heading\" data-id=\"78f8cd0\" data-element_type=\"widget\" data-e-type=\"widget\" data-settings=\"{&quot;ekit_we_effect_on&quot;:&quot;none&quot;}\" data-widget_type=\"heading.default\">\n\t\t\t\t<div class=\"elementor-widget-container\">\n\t\t\t\t\t<h2 class=\"elementor-heading-title elementor-size-default\">Oficinas Little Brasil<\/h2>\t\t\t\t<\/div>\n\t\t\t\t<\/div>\n\t\t\t\t<div class=\"elementor-element elementor-element-79c278a elementor-widget elementor-widget-text-editor\" data-id=\"79c278a\" data-element_type=\"widget\" data-e-type=\"widget\" data-settings=\"{&quot;ekit_we_effect_on&quot;:&quot;none&quot;}\" data-widget_type=\"text-editor.default\">\n\t\t\t\t<div class=\"elementor-widget-container\">\n\t\t\t\t\t\t\t\t\t<p align=\"justify\"><strong>Local<\/strong>\u00a0Little Brasil Club\u00a0<\/p>\t\t\t\t\t\t\t\t<\/div>\n\t\t\t\t<\/div>\n\t\t\t\t<section class=\"elementor-section elementor-inner-section elementor-element elementor-element-9567ce4 elementor-section-boxed elementor-section-height-default elementor-section-height-default\" data-id=\"9567ce4\" data-element_type=\"section\" data-e-type=\"section\">\n\t\t\t\t\t\t<div class=\"elementor-container elementor-column-gap-default\">\n\t\t\t\t\t<div class=\"elementor-column elementor-col-50 elementor-inner-column elementor-element elementor-element-741f172\" data-id=\"741f172\" data-element_type=\"column\" data-e-type=\"column\">\n\t\t\t<div class=\"elementor-widget-wrap elementor-element-populated\">\n\t\t\t\t\t\t<div class=\"elementor-element elementor-element-79b8f39 elementor-widget elementor-widget-image\" data-id=\"79b8f39\" data-element_type=\"widget\" data-e-type=\"widget\" data-settings=\"{&quot;ekit_we_effect_on&quot;:&quot;none&quot;}\" data-widget_type=\"image.default\">\n\t\t\t\t<div class=\"elementor-widget-container\">\n\t\t\t\t\t\t\t\t\t\t\t\t\t\t\t<img fetchpriority=\"high\" decoding=\"async\" width=\"1024\" height=\"683\" src=\"https:\/\/littlebrasilclub.com\/wp-content\/uploads\/2025\/11\/artes-1024x683-1.webp\" class=\"attachment-large size-large wp-image-2659\" alt=\"\" srcset=\"https:\/\/littlebrasilclub.com\/wp-content\/uploads\/2025\/11\/artes-1024x683-1.webp 1024w, https:\/\/littlebrasilclub.com\/wp-content\/uploads\/2025\/11\/artes-1024x683-1-300x200.webp 300w, https:\/\/littlebrasilclub.com\/wp-content\/uploads\/2025\/11\/artes-1024x683-1-768x512.webp 768w, https:\/\/littlebrasilclub.com\/wp-content\/uploads\/2025\/11\/artes-1024x683-1-18x12.webp 18w\" sizes=\"(max-width: 1024px) 100vw, 1024px\" \/>\t\t\t\t\t\t\t\t\t\t\t\t\t\t\t<\/div>\n\t\t\t\t<\/div>\n\t\t\t\t<div class=\"elementor-element elementor-element-39ac0e6 elementor-widget elementor-widget-heading\" data-id=\"39ac0e6\" data-element_type=\"widget\" data-e-type=\"widget\" data-settings=\"{&quot;ekit_we_effect_on&quot;:&quot;none&quot;}\" data-widget_type=\"heading.default\">\n\t\t\t\t<div class=\"elementor-widget-container\">\n\t\t\t\t\t<h2 class=\"elementor-heading-title elementor-size-default\">Oficina de Artes - Dia 19\/ Setembro<\/h2>\t\t\t\t<\/div>\n\t\t\t\t<\/div>\n\t\t\t\t<div class=\"elementor-element elementor-element-89eb540 elementor-widget elementor-widget-text-editor\" data-id=\"89eb540\" data-element_type=\"widget\" data-e-type=\"widget\" data-settings=\"{&quot;ekit_we_effect_on&quot;:&quot;none&quot;}\" data-widget_type=\"text-editor.default\">\n\t\t\t\t<div class=\"elementor-widget-container\">\n\t\t\t\t\t\t\t\t\tOficinas de atividades manuais. Estimulamos o desenhar, o pintar, esculpir, criar de modo que a crian\u00e7a busque diferentes maneiras de expressar seus sentimentos. E desenvolvido a sensibilidade, percep\u00e7\u00e3o, concentra\u00e7\u00e3o e a capacidade de transforma\u00e7\u00e3o. S\u00e3o utilizados v\u00e1rios recursos como tintas, farinhas, colas entre outros. Exploramos a coordena\u00e7\u00e3o motora, criatividade e estimulo t\u00e1til.\n\t\t\t\t\t\t\t\t<\/div>\n\t\t\t\t<\/div>\n\t\t\t\t<div class=\"elementor-element elementor-element-2f54321 elementor-widget elementor-widget-button\" data-id=\"2f54321\" data-element_type=\"widget\" data-e-type=\"widget\" data-settings=\"{&quot;ekit_we_effect_on&quot;:&quot;none&quot;}\" data-widget_type=\"button.default\">\n\t\t\t\t<div class=\"elementor-widget-container\">\n\t\t\t\t\t\t\t\t\t<div class=\"elementor-button-wrapper\">\n\t\t\t\t\t<a class=\"elementor-button elementor-button-link elementor-size-sm\" href=\"https:\/\/docs.google.com\/forms\/d\/e\/1FAIpQLSd2aGzAeP4DsBNmJgK2TxxbboMgGT83surW0X0oKtzToJX8Og\/viewform\">\n\t\t\t\t\t\t<span class=\"elementor-button-content-wrapper\">\n\t\t\t\t\t\t<span class=\"elementor-button-icon\">\n\t\t\t\t<i aria-hidden=\"true\" class=\"far fa-edit\"><\/i>\t\t\t<\/span>\n\t\t\t\t\t\t\t\t\t<span class=\"elementor-button-text\">Inscreva seu filho  Inscri\u00e7\u00e3o<\/span>\n\t\t\t\t\t<\/span>\n\t\t\t\t\t<\/a>\n\t\t\t\t<\/div>\n\t\t\t\t\t\t\t\t<\/div>\n\t\t\t\t<\/div>\n\t\t\t\t\t<\/div>\n\t\t<\/div>\n\t\t\t\t<div class=\"elementor-column elementor-col-50 elementor-inner-column elementor-element elementor-element-cd53a58\" data-id=\"cd53a58\" data-element_type=\"column\" data-e-type=\"column\">\n\t\t\t<div class=\"elementor-widget-wrap elementor-element-populated\">\n\t\t\t\t\t\t<div class=\"elementor-element elementor-element-328a8bb elementor-widget elementor-widget-image\" data-id=\"328a8bb\" data-element_type=\"widget\" data-e-type=\"widget\" data-settings=\"{&quot;ekit_we_effect_on&quot;:&quot;none&quot;}\" data-widget_type=\"image.default\">\n\t\t\t\t<div class=\"elementor-widget-container\">\n\t\t\t\t\t\t\t\t\t\t\t\t\t\t\t<img decoding=\"async\" width=\"1024\" height=\"683\" src=\"https:\/\/littlebrasilclub.com\/wp-content\/uploads\/2025\/11\/culinaria-1024x683-1.webp\" class=\"attachment-large size-large wp-image-2661\" alt=\"\" srcset=\"https:\/\/littlebrasilclub.com\/wp-content\/uploads\/2025\/11\/culinaria-1024x683-1.webp 1024w, https:\/\/littlebrasilclub.com\/wp-content\/uploads\/2025\/11\/culinaria-1024x683-1-300x200.webp 300w, https:\/\/littlebrasilclub.com\/wp-content\/uploads\/2025\/11\/culinaria-1024x683-1-768x512.webp 768w, https:\/\/littlebrasilclub.com\/wp-content\/uploads\/2025\/11\/culinaria-1024x683-1-18x12.webp 18w\" sizes=\"(max-width: 1024px) 100vw, 1024px\" \/>\t\t\t\t\t\t\t\t\t\t\t\t\t\t\t<\/div>\n\t\t\t\t<\/div>\n\t\t\t\t<div class=\"elementor-element elementor-element-7edfc30 elementor-widget elementor-widget-heading\" data-id=\"7edfc30\" data-element_type=\"widget\" data-e-type=\"widget\" data-settings=\"{&quot;ekit_we_effect_on&quot;:&quot;none&quot;}\" data-widget_type=\"heading.default\">\n\t\t\t\t<div class=\"elementor-widget-container\">\n\t\t\t\t\t<h2 class=\"elementor-heading-title elementor-size-default\">Oficina Mini Chef - Dia 26\/ Setembro<\/h2>\t\t\t\t<\/div>\n\t\t\t\t<\/div>\n\t\t\t\t<div class=\"elementor-element elementor-element-346914f elementor-widget elementor-widget-text-editor\" data-id=\"346914f\" data-element_type=\"widget\" data-e-type=\"widget\" data-settings=\"{&quot;ekit_we_effect_on&quot;:&quot;none&quot;}\" data-widget_type=\"text-editor.default\">\n\t\t\t\t<div class=\"elementor-widget-container\">\n\t\t\t\t\t\t\t\t\t<p>Essa oficina as crian\u00e7as realmente colocam as m\u00e3os na massa. Elas aprendem a preparar algumas delicias. S\u00e3o receitas simples, mais que visa despertar nos pequenos o interesse desde a organiza\u00e7\u00e3o da cozinha at\u00e9 a elabora\u00e7\u00e3o de receitas. Elas aprendem novos vocabul\u00e1rios como acrescentar, diluir, misturar entre outros de uma forma muito mais significativa. Nessa oficina as crian\u00e7as tem a oportunidade do fazer de verdade. Experimentar sabores, texturas e ser a crian\u00e7a que faz seu pr\u00f3prio alimento faz total diferen\u00e7a na constru\u00e7\u00e3o da aprendizagem.<\/p>\t\t\t\t\t\t\t\t<\/div>\n\t\t\t\t<\/div>\n\t\t\t\t<div class=\"elementor-element elementor-element-7b34feb elementor-widget elementor-widget-button\" data-id=\"7b34feb\" data-element_type=\"widget\" data-e-type=\"widget\" data-settings=\"{&quot;ekit_we_effect_on&quot;:&quot;none&quot;}\" data-widget_type=\"button.default\">\n\t\t\t\t<div class=\"elementor-widget-container\">\n\t\t\t\t\t\t\t\t\t<div class=\"elementor-button-wrapper\">\n\t\t\t\t\t<a class=\"elementor-button elementor-button-link elementor-size-sm\" href=\"https:\/\/docs.google.com\/forms\/d\/e\/1FAIpQLSd2aGzAeP4DsBNmJgK2TxxbboMgGT83surW0X0oKtzToJX8Og\/viewform\">\n\t\t\t\t\t\t<span class=\"elementor-button-content-wrapper\">\n\t\t\t\t\t\t<span class=\"elementor-button-icon\">\n\t\t\t\t<i aria-hidden=\"true\" class=\"far fa-edit\"><\/i>\t\t\t<\/span>\n\t\t\t\t\t\t\t\t\t<span class=\"elementor-button-text\">Inscreva seu filho  Inscri\u00e7\u00e3o<\/span>\n\t\t\t\t\t<\/span>\n\t\t\t\t\t<\/a>\n\t\t\t\t<\/div>\n\t\t\t\t\t\t\t\t<\/div>\n\t\t\t\t<\/div>\n\t\t\t\t\t<\/div>\n\t\t<\/div>\n\t\t\t\t\t<\/div>\n\t\t<\/section>\n\t\t\t\t<section class=\"elementor-section elementor-inner-section elementor-element elementor-element-9f1aee3 elementor-section-boxed elementor-section-height-default elementor-section-height-default\" data-id=\"9f1aee3\" data-element_type=\"section\" data-e-type=\"section\">\n\t\t\t\t\t\t<div class=\"elementor-container elementor-column-gap-default\">\n\t\t\t\t\t<div class=\"elementor-column elementor-col-50 elementor-inner-column elementor-element elementor-element-10bd03c\" data-id=\"10bd03c\" data-element_type=\"column\" data-e-type=\"column\">\n\t\t\t<div class=\"elementor-widget-wrap elementor-element-populated\">\n\t\t\t\t\t\t<div class=\"elementor-element elementor-element-cb54dc8 elementor-widget elementor-widget-image\" data-id=\"cb54dc8\" data-element_type=\"widget\" data-e-type=\"widget\" data-settings=\"{&quot;ekit_we_effect_on&quot;:&quot;none&quot;}\" data-widget_type=\"image.default\">\n\t\t\t\t<div class=\"elementor-widget-container\">\n\t\t\t\t\t\t\t\t\t\t\t\t\t\t\t<img decoding=\"async\" width=\"1024\" height=\"650\" src=\"https:\/\/littlebrasilclub.com\/wp-content\/uploads\/2025\/11\/brincadeira3-1024x650-1.webp\" class=\"attachment-large size-large wp-image-2660\" alt=\"\" srcset=\"https:\/\/littlebrasilclub.com\/wp-content\/uploads\/2025\/11\/brincadeira3-1024x650-1.webp 1024w, https:\/\/littlebrasilclub.com\/wp-content\/uploads\/2025\/11\/brincadeira3-1024x650-1-300x190.webp 300w, https:\/\/littlebrasilclub.com\/wp-content\/uploads\/2025\/11\/brincadeira3-1024x650-1-768x488.webp 768w, https:\/\/littlebrasilclub.com\/wp-content\/uploads\/2025\/11\/brincadeira3-1024x650-1-18x12.webp 18w\" sizes=\"(max-width: 1024px) 100vw, 1024px\" \/>\t\t\t\t\t\t\t\t\t\t\t\t\t\t\t<\/div>\n\t\t\t\t<\/div>\n\t\t\t\t<div class=\"elementor-element elementor-element-b01596d elementor-widget elementor-widget-heading\" data-id=\"b01596d\" data-element_type=\"widget\" data-e-type=\"widget\" data-settings=\"{&quot;ekit_we_effect_on&quot;:&quot;none&quot;}\" data-widget_type=\"heading.default\">\n\t\t\t\t<div class=\"elementor-widget-container\">\n\t\t\t\t\t<h2 class=\"elementor-heading-title elementor-size-default\">Oficina Jogos, Brinquedos e brincadeiras - Dia 03 \/ Outubro<\/h2>\t\t\t\t<\/div>\n\t\t\t\t<\/div>\n\t\t\t\t<div class=\"elementor-element elementor-element-d0b8635 elementor-widget elementor-widget-text-editor\" data-id=\"d0b8635\" data-element_type=\"widget\" data-e-type=\"widget\" data-settings=\"{&quot;ekit_we_effect_on&quot;:&quot;none&quot;}\" data-widget_type=\"text-editor.default\">\n\t\t\t\t<div class=\"elementor-widget-container\">\n\t\t\t\t\t\t\t\t\tA oficina tem como objetivo resgatar jogos e brincadeiras de antigamente por meio do imagin\u00e1rio das crian\u00e7as. Quem j\u00e1 brincou de batata quente, telefone sem fio, amarelinha ou cabra cega? Talvez seu filho nunca teve a oportunidade de brincar como voc\u00ea brincou quando era crian\u00e7a. Essa oficina, a crian\u00e7a ter\u00e1 a oportunidade de sair do universo digital e aprender a enxergar que existem outras possibilidades usando material recicl\u00e1vel, por exemplo de criar seus pr\u00f3prios brinquedos. S\u00e3o disponibilizadas ferramentas simples, mas que despertar\u00e1 a criatividade e divers\u00e3o.\n\t\t\t\t\t\t\t\t<\/div>\n\t\t\t\t<\/div>\n\t\t\t\t<div class=\"elementor-element elementor-element-b034b5f elementor-widget elementor-widget-button\" data-id=\"b034b5f\" data-element_type=\"widget\" data-e-type=\"widget\" data-settings=\"{&quot;ekit_we_effect_on&quot;:&quot;none&quot;}\" data-widget_type=\"button.default\">\n\t\t\t\t<div class=\"elementor-widget-container\">\n\t\t\t\t\t\t\t\t\t<div class=\"elementor-button-wrapper\">\n\t\t\t\t\t<a class=\"elementor-button elementor-button-link elementor-size-sm\" href=\"https:\/\/docs.google.com\/forms\/d\/e\/1FAIpQLSd2aGzAeP4DsBNmJgK2TxxbboMgGT83surW0X0oKtzToJX8Og\/viewform\">\n\t\t\t\t\t\t<span class=\"elementor-button-content-wrapper\">\n\t\t\t\t\t\t<span class=\"elementor-button-icon\">\n\t\t\t\t<i aria-hidden=\"true\" class=\"far fa-edit\"><\/i>\t\t\t<\/span>\n\t\t\t\t\t\t\t\t\t<span class=\"elementor-button-text\">Inscreva seu filho  Inscri\u00e7\u00e3o<\/span>\n\t\t\t\t\t<\/span>\n\t\t\t\t\t<\/a>\n\t\t\t\t<\/div>\n\t\t\t\t\t\t\t\t<\/div>\n\t\t\t\t<\/div>\n\t\t\t\t\t<\/div>\n\t\t<\/div>\n\t\t\t\t<div class=\"elementor-column elementor-col-50 elementor-inner-column elementor-element elementor-element-5ffe343\" data-id=\"5ffe343\" data-element_type=\"column\" data-e-type=\"column\">\n\t\t\t<div class=\"elementor-widget-wrap elementor-element-populated\">\n\t\t\t\t\t\t<div class=\"elementor-element elementor-element-d64d4e3 elementor-widget elementor-widget-image\" data-id=\"d64d4e3\" data-element_type=\"widget\" data-e-type=\"widget\" data-settings=\"{&quot;ekit_we_effect_on&quot;:&quot;none&quot;}\" data-widget_type=\"image.default\">\n\t\t\t\t<div class=\"elementor-widget-container\">\n\t\t\t\t\t\t\t\t\t\t\t\t\t\t\t<img loading=\"lazy\" decoding=\"async\" width=\"699\" height=\"450\" src=\"https:\/\/littlebrasilclub.com\/wp-content\/uploads\/2025\/11\/historias.webp\" class=\"attachment-large size-large wp-image-2662\" alt=\"\" srcset=\"https:\/\/littlebrasilclub.com\/wp-content\/uploads\/2025\/11\/historias.webp 699w, https:\/\/littlebrasilclub.com\/wp-content\/uploads\/2025\/11\/historias-300x193.webp 300w, https:\/\/littlebrasilclub.com\/wp-content\/uploads\/2025\/11\/historias-18x12.webp 18w\" sizes=\"(max-width: 699px) 100vw, 699px\" \/>\t\t\t\t\t\t\t\t\t\t\t\t\t\t\t<\/div>\n\t\t\t\t<\/div>\n\t\t\t\t<div class=\"elementor-element elementor-element-59b485a elementor-widget elementor-widget-heading\" data-id=\"59b485a\" data-element_type=\"widget\" data-e-type=\"widget\" data-settings=\"{&quot;ekit_we_effect_on&quot;:&quot;none&quot;}\" data-widget_type=\"heading.default\">\n\t\t\t\t<div class=\"elementor-widget-container\">\n\t\t\t\t\t<h2 class=\"elementor-heading-title elementor-size-default\">Oficina Conta\u00e7\u00e3o de Hist\u00f3rias - Dia 10\/ Outubro<\/h2>\t\t\t\t<\/div>\n\t\t\t\t<\/div>\n\t\t\t\t<div class=\"elementor-element elementor-element-7395a5f elementor-widget elementor-widget-text-editor\" data-id=\"7395a5f\" data-element_type=\"widget\" data-e-type=\"widget\" data-settings=\"{&quot;ekit_we_effect_on&quot;:&quot;none&quot;}\" data-widget_type=\"text-editor.default\">\n\t\t\t\t<div class=\"elementor-widget-container\">\n\t\t\t\t\t\t\t\t\tNossa oficina tem como objetivo despertar o interesse e a imagina\u00e7\u00e3o no mundo das hist\u00f3rias. Ser\u00e1 trabalhado por meio de atividades din\u00e2micas, envolvendo a conta\u00e7\u00e3o de hist\u00f3rias com teatro e brincadeiras. A conta\u00e7\u00e3o de hist\u00f3rias desperta o amor pelos livros e pela cultura. Ajuda a fixar o conhecimento deixando as crian\u00e7as motivadas e ainda mais felizes.\n\t\t\t\t\t\t\t\t<\/div>\n\t\t\t\t<\/div>\n\t\t\t\t<div class=\"elementor-element elementor-element-842b2b7 elementor-widget elementor-widget-button\" data-id=\"842b2b7\" data-element_type=\"widget\" data-e-type=\"widget\" data-settings=\"{&quot;ekit_we_effect_on&quot;:&quot;none&quot;}\" data-widget_type=\"button.default\">\n\t\t\t\t<div class=\"elementor-widget-container\">\n\t\t\t\t\t\t\t\t\t<div class=\"elementor-button-wrapper\">\n\t\t\t\t\t<a class=\"elementor-button elementor-button-link elementor-size-sm\" href=\"https:\/\/docs.google.com\/forms\/d\/e\/1FAIpQLSd2aGzAeP4DsBNmJgK2TxxbboMgGT83surW0X0oKtzToJX8Og\/viewform\">\n\t\t\t\t\t\t<span class=\"elementor-button-content-wrapper\">\n\t\t\t\t\t\t<span class=\"elementor-button-icon\">\n\t\t\t\t<i aria-hidden=\"true\" class=\"far fa-edit\"><\/i>\t\t\t<\/span>\n\t\t\t\t\t\t\t\t\t<span class=\"elementor-button-text\">Inscreva seu filho  Inscri\u00e7\u00e3o<\/span>\n\t\t\t\t\t<\/span>\n\t\t\t\t\t<\/a>\n\t\t\t\t<\/div>\n\t\t\t\t\t\t\t\t<\/div>\n\t\t\t\t<\/div>\n\t\t\t\t\t<\/div>\n\t\t<\/div>\n\t\t\t\t\t<\/div>\n\t\t<\/section>\n\t\t\t\t\t<\/div>\n\t\t<\/div>\n\t\t\t\t\t<\/div>\n\t\t<\/section>\n\t\t\t\t<\/div>","protected":false},"excerpt":{"rendered":"<p>Little Brazil Workshops\u200b Little Brazil Workshops Location :\u00a0Little Brasil Club\u00a0 Art Workshop &#8211; September 19th Manual activity workshops. We stimulate activities composed of drawing, painting, sculpting, creating so that the child seeks different ways to express his\/her feelings. Sensitivity, perception, concentration and the capacity for transformation are developed. Various resources are used, such as paints, [&hellip;]<\/p>\n","protected":false},"author":1,"featured_media":0,"parent":0,"menu_order":0,"comment_status":"closed","ping_status":"closed","template":"elementor_header_footer","meta":{"ocean_post_layout":"","ocean_both_sidebars_style":"","ocean_both_sidebars_content_width":0,"ocean_both_sidebars_sidebars_width":0,"ocean_sidebar":"0","ocean_second_sidebar":"0","ocean_disable_margins":"enable","ocean_add_body_class":"","ocean_shortcode_before_top_bar":"","ocean_shortcode_after_top_bar":"","ocean_shortcode_before_header":"","ocean_shortcode_after_header":"","ocean_has_shortcode":"","ocean_shortcode_after_title":"","ocean_shortcode_before_footer_widgets":"","ocean_shortcode_after_footer_widgets":"","ocean_shortcode_before_footer_bottom":"","ocean_shortcode_after_footer_bottom":"","ocean_display_top_bar":"default","ocean_display_header":"default","ocean_header_style":"","ocean_center_header_left_menu":"0","ocean_custom_header_template":"0","ocean_custom_logo":0,"ocean_custom_retina_logo":0,"ocean_custom_logo_max_width":0,"ocean_custom_logo_tablet_max_width":0,"ocean_custom_logo_mobile_max_width":0,"ocean_custom_logo_max_height":0,"ocean_custom_logo_tablet_max_height":0,"ocean_custom_logo_mobile_max_height":0,"ocean_header_custom_menu":"0","ocean_menu_typo_font_family":"0","ocean_menu_typo_font_subset":"","ocean_menu_typo_font_size":0,"ocean_menu_typo_font_size_tablet":0,"ocean_menu_typo_font_size_mobile":0,"ocean_menu_typo_font_size_unit":"px","ocean_menu_typo_font_weight":"","ocean_menu_typo_font_weight_tablet":"","ocean_menu_typo_font_weight_mobile":"","ocean_menu_typo_transform":"","ocean_menu_typo_transform_tablet":"","ocean_menu_typo_transform_mobile":"","ocean_menu_typo_line_height":0,"ocean_menu_typo_line_height_tablet":0,"ocean_menu_typo_line_height_mobile":0,"ocean_menu_typo_line_height_unit":"","ocean_menu_typo_spacing":0,"ocean_menu_typo_spacing_tablet":0,"ocean_menu_typo_spacing_mobile":0,"ocean_menu_typo_spacing_unit":"","ocean_menu_link_color":"","ocean_menu_link_color_hover":"","ocean_menu_link_color_active":"","ocean_menu_link_background":"","ocean_menu_link_hover_background":"","ocean_menu_link_active_background":"","ocean_menu_social_links_bg":"","ocean_menu_social_hover_links_bg":"","ocean_menu_social_links_color":"","ocean_menu_social_hover_links_color":"","ocean_disable_title":"default","ocean_disable_heading":"default","ocean_post_title":"","ocean_post_subheading":"","ocean_post_title_style":"","ocean_post_title_background_color":"","ocean_post_title_background":0,"ocean_post_title_bg_image_position":"","ocean_post_title_bg_image_attachment":"","ocean_post_title_bg_image_repeat":"","ocean_post_title_bg_image_size":"","ocean_post_title_height":0,"ocean_post_title_bg_overlay":0.5,"ocean_post_title_bg_overlay_color":"","ocean_disable_breadcrumbs":"default","ocean_breadcrumbs_color":"","ocean_breadcrumbs_separator_color":"","ocean_breadcrumbs_links_color":"","ocean_breadcrumbs_links_hover_color":"","ocean_display_footer_widgets":"default","ocean_display_footer_bottom":"default","ocean_custom_footer_template":"0","footnotes":""},"class_list":["post-1117","page","type-page","status-publish","hentry","entry"],"_links":{"self":[{"href":"https:\/\/littlebrasilclub.com\/pt_br\/wp-json\/wp\/v2\/pages\/1117","targetHints":{"allow":["GET"]}}],"collection":[{"href":"https:\/\/littlebrasilclub.com\/pt_br\/wp-json\/wp\/v2\/pages"}],"about":[{"href":"https:\/\/littlebrasilclub.com\/pt_br\/wp-json\/wp\/v2\/types\/page"}],"author":[{"embeddable":true,"href":"https:\/\/littlebrasilclub.com\/pt_br\/wp-json\/wp\/v2\/users\/1"}],"replies":[{"embeddable":true,"href":"https:\/\/littlebrasilclub.com\/pt_br\/wp-json\/wp\/v2\/comments?post=1117"}],"version-history":[{"count":131,"href":"https:\/\/littlebrasilclub.com\/pt_br\/wp-json\/wp\/v2\/pages\/1117\/revisions"}],"predecessor-version":[{"id":2784,"href":"https:\/\/littlebrasilclub.com\/pt_br\/wp-json\/wp\/v2\/pages\/1117\/revisions\/2784"}],"wp:attachment":[{"href":"https:\/\/littlebrasilclub.com\/pt_br\/wp-json\/wp\/v2\/media?parent=1117"}],"curies":[{"name":"wp","href":"https:\/\/api.w.org\/{rel}","templated":true}]}}